{"id":4191,"date":"2026-01-02T08:39:03","date_gmt":"2026-01-02T11:39:03","guid":{"rendered":"https:\/\/riochessopen.com\/?page_id=4191"},"modified":"2026-01-02T08:53:41","modified_gmt":"2026-01-02T11:53:41","slug":"breve-2026","status":"publish","type":"page","link":"https:\/\/riochessopen.com\/es\/breve-2026\/","title":{"rendered":"Breve 2026"},"content":{"rendered":"<div data-elementor-type=\"wp-page\" data-elementor-id=\"4191\" class=\"elementor elementor-4191\" data-elementor-settings=\"{&quot;ha_cmc_init_switcher&quot;:&quot;no&quot;}\" data-elementor-post-type=\"page\">\n\t\t\t\t<div class=\"elementor-element elementor-element-64328fe e-flex e-con-boxed e-con e-parent\" data-id=\"64328fe\" data-element_type=\"container\" data-e-type=\"container\">\n\t\t\t\t\t<div class=\"e-con-inner\">\n\t\t\t\t<div class=\"elementor-element elementor-element-83b0136 elementor-widget elementor-widget-image\" data-id=\"83b0136\" data-element_type=\"widget\" data-e-type=\"widget\" data-widget_type=\"image.default\">\n\t\t\t\t<div class=\"elementor-widget-container\">\n\t\t\t\t\t\t\t\t\t\t\t\t\t\t\t<img fetchpriority=\"high\" decoding=\"async\" width=\"800\" height=\"508\" src=\"https:\/\/riochessopen.com\/wp-content\/uploads\/2025\/12\/logo-horizontalrco-1024x650.jpg\" class=\"attachment-large size-large wp-image-4153\" alt=\"\" srcset=\"https:\/\/riochessopen.com\/wp-content\/uploads\/2025\/12\/logo-horizontalrco-1024x650.jpg 1024w, https:\/\/riochessopen.com\/wp-content\/uploads\/2025\/12\/logo-horizontalrco-300x190.jpg 300w, https:\/\/riochessopen.com\/wp-content\/uploads\/2025\/12\/logo-horizontalrco-768x488.jpg 768w, https:\/\/riochessopen.com\/wp-content\/uploads\/2025\/12\/logo-horizontalrco-1536x975.jpg 1536w, https:\/\/riochessopen.com\/wp-content\/uploads\/2025\/12\/logo-horizontalrco-18x12.jpg 18w, https:\/\/riochessopen.com\/wp-content\/uploads\/2025\/12\/logo-horizontalrco.jpg 1660w\" sizes=\"(max-width: 800px) 100vw, 800px\" loading=\"eager\" \/>\t\t\t\t\t\t\t\t\t\t\t\t\t\t\t<\/div>\n\t\t\t\t<\/div>\n\t\t\t\t<div class=\"elementor-element elementor-element-a03e692 elementor-widget elementor-widget-heading\" data-id=\"a03e692\" data-element_type=\"widget\" data-e-type=\"widget\" data-widget_type=\"heading.default\">\n\t\t\t\t<div class=\"elementor-widget-container\">\n\t\t\t\t\t<h2 class=\"elementor-heading-title elementor-size-default\">p\u00e1gina em constru\u00e7\u00e3o<\/h2>\t\t\t\t<\/div>\n\t\t\t\t<\/div>\n\t\t\t\t\t<\/div>\n\t\t\t\t<\/div>\n\t\t\t\t<\/div>","protected":false},"excerpt":{"rendered":"<p>p\u00e1gina em constru\u00e7\u00e3o<\/p>","protected":false},"author":8,"featured_media":0,"parent":0,"menu_order":0,"comment_status":"closed","ping_status":"closed","template":"elementor_canvas","meta":{"_monsterinsights_skip_tracking":false,"_monsterinsights_sitenote_active":false,"_monsterinsights_sitenote_note":"","_monsterinsights_sitenote_category":0,"footnotes":""},"class_list":["post-4191","page","type-page","status-publish","hentry"],"_links":{"self":[{"href":"https:\/\/riochessopen.com\/es\/wp-json\/wp\/v2\/pages\/4191","targetHints":{"allow":["GET"]}}],"collection":[{"href":"https:\/\/riochessopen.com\/es\/wp-json\/wp\/v2\/pages"}],"about":[{"href":"https:\/\/riochessopen.com\/es\/wp-json\/wp\/v2\/types\/page"}],"author":[{"embeddable":true,"href":"https:\/\/riochessopen.com\/es\/wp-json\/wp\/v2\/users\/8"}],"replies":[{"embeddable":true,"href":"https:\/\/riochessopen.com\/es\/wp-json\/wp\/v2\/comments?post=4191"}],"version-history":[{"count":7,"href":"https:\/\/riochessopen.com\/es\/wp-json\/wp\/v2\/pages\/4191\/revisions"}],"predecessor-version":[{"id":4199,"href":"https:\/\/riochessopen.com\/es\/wp-json\/wp\/v2\/pages\/4191\/revisions\/4199"}],"wp:attachment":[{"href":"https:\/\/riochessopen.com\/es\/wp-json\/wp\/v2\/media?parent=4191"}],"curies":[{"name":"wp","href":"https:\/\/api.w.org\/{rel}","templated":true}]}}