{"id":1366,"date":"2024-02-06T22:23:29","date_gmt":"2024-02-07T01:23:29","guid":{"rendered":"https:\/\/riochessopen.com\/?page_id=1366"},"modified":"2024-02-06T22:27:39","modified_gmt":"2024-02-07T01:27:39","slug":"torneio-de-solucoes-memorial-hilton-rios","status":"publish","type":"page","link":"https:\/\/riochessopen.com\/es\/torneio-de-solucoes-memorial-hilton-rios\/","title":{"rendered":"Torneio de solu\u00e7\u00f5es Memorial Hilton Rios"},"content":{"rendered":"<img decoding=\"async\" src=\"https:\/\/riochessopen.com\/wp-content\/uploads\/2024\/01\/rco-2024-horizontal-branca-300x153.png\" alt=\"rco 2024 horizontal branca\" itemprop=\"image\" height=\"153\" width=\"300\" srcset=\"https:\/\/riochessopen.com\/wp-content\/uploads\/2024\/01\/rco-2024-horizontal-branca-300x153.png 300w, https:\/\/riochessopen.com\/wp-content\/uploads\/2024\/01\/rco-2024-horizontal-branca-1024x522.png 1024w, https:\/\/riochessopen.com\/wp-content\/uploads\/2024\/01\/rco-2024-horizontal-branca-768x392.png 768w, https:\/\/riochessopen.com\/wp-content\/uploads\/2024\/01\/rco-2024-horizontal-branca-1536x783.png 1536w, https:\/\/riochessopen.com\/wp-content\/uploads\/2024\/01\/rco-2024-horizontal-branca.png 1745w\" sizes=\"(max-width: 300px) 100vw, 300px\" title=\"rco 2024 horizontal branca\" onerror=\"this.style.display='none'\"  \/>\n\t<h3><strong>TORNEO DE SOLUCIONES HILTON RIOS MEMORIAL<\/strong><\/h3>\n<h3><strong>DATA: 27 DE ABRIL DE 2024 &#8211; 14:00<\/strong><\/h3>\n<h3><strong>DIRETOR: MARCOS MALDONADO ROLAND<\/strong><\/h3>\n\t<h3><strong>REGULAMENTO<\/strong><\/h3>\n\t<p>Trata-se de um torneio de solu\u00e7\u00f5es de problemas de xadrez, entendendo-se como &#8220;problema de xadrez&#8221; uma composi\u00e7\u00e3o art\u00edstica com um enunciado de tarefa a executar, cuja solu\u00e7\u00e3o se requer do solucionista (por exemplo, &#8220;brancas jogam e d\u00e3o mate em dois lances&#8221;, &#8220;brancas jogam e ganham&#8221;, etc.). Salvo se expressamente dito em contr\u00e1rio, cada problema tem uma s\u00f3 solu\u00e7\u00e3o.<\/p>\n<p>Os participantes do torneio (solucionistas) receber\u00e3o uma folha de papel impressa com 6 diagramas de problemas para resolver num lapso de tempo de 2 horas, sendo 2 problemas de mate direto em dois lances (#2), 2 problemas de mate direto em tr\u00eas lances (#3) e 2 estudos (eg). Os participantes receber\u00e3o tamb\u00e9m uma folha de papel destinada \u00e0 anota\u00e7\u00e3o de suas respostas.<\/p>\n<p>Os participantes entregar\u00e3o aos controladores (\u00e1rbitro e auxiliares) as respectivas folhas de respostas, \u00e0 medida que forem terminando.\u00a0 Esgotado o tempo permitido \u00e0 resolu\u00e7\u00e3o dos problemas (2 horas), todos entregar\u00e3o suas folhas de respostas,\u00a0 caso n\u00e3o o tenham feito antes. O controlador anotar\u00e1 em cada folha de respostas a quantidade de tempo gasta pelo participante, que servir\u00e1 de crit\u00e9rio de desempate, em caso de empate na pontua\u00e7\u00e3o total alcan\u00e7ada.<\/p>\n<p>O solucionista receber\u00e1 5 pontos pela solu\u00e7\u00e3o completa e correta de cada problema e uma quantidade menor de pontos por uma solu\u00e7\u00e3o parcialmente correta, de acordo com as pontua\u00e7\u00f5es que constar\u00e3o na folha de solu\u00e7\u00f5es oficial, fornecida pelos controladores ao final do tempo de resolu\u00e7\u00e3o.<\/p>\n<p>Na sua resposta aos problemas de mate em dois (#2), o solucionista dever\u00e1 anotar apenas o primeiro lance das brancas (a chave). Nada mais que ele escreva ser\u00e1 levado em considera\u00e7\u00e3o. Nessa esp\u00e9cie de problemas, n\u00e3o existe solu\u00e7\u00e3o parcial: o solucionista receber\u00e1 5 (cinco) pontos ou 0 (zero) ponto.<\/p>\n<p>J\u00e1 quanto aos problemas de mate em tr\u00eas (#3), o solucionista dever\u00e1 escrever todas as linhas (variantes) que resultem em mate no terceiro lance, mas, para cada uma dessas linhas ou variantes, ele s\u00f3 precisa escrever at\u00e9 o segundo lance branco; ele n\u00e3o precisa anotar o segundo lance negro nem o terceiro lance branco, o que d\u00e1 o xeque-mate. Em outras palavras, o solucionista deve \u00a0anotar, sempre at\u00e9 o segundo lance branco: a) o primeiro lance (chave) e a amea\u00e7a, se houver uma amea\u00e7a de mate em tr\u00eas; b) as variantes que se seguem a todas as poss\u00edveis respostas do negro que levem ao mate no terceiro lance. O solucionista n\u00e3o precisa anotar nenhuma variante curta, ou seja, que leve ao mate no segundo lance branco. Inclusive a amea\u00e7a, se for de mate no segundo lance, n\u00e3o precisa ser escrita. (Evidentemente, a chave sempre deve ser escrita.)<\/p>\n<p>Ainda quanto aos mates em tr\u00eas, o solucionista deve estar ciente de que ele s\u00f3 ganhar\u00e1 a pontua\u00e7\u00e3o integral de cada problema (5 pontos) se escrever todas as variantes que levem ao mate em tr\u00eas, tanto as tem\u00e1ticas como as prosaicas. Limitar-se apenas \u00e0 ideia principal do autor, mesmo que muito bonita, muitas vezes \u00e9 insuficiente e leva a perdas de pontos.<\/p>\n<p>Finalmente, no que se refere aos estudos, note-se, em primeiro lugar, que dois enunciados s\u00e3o poss\u00edveis: &#8220;brancas jogam e ganham&#8221; ou &#8220;brancas jogam e empatam&#8221;. Em qualquer caso, pontos ser\u00e3o atribu\u00eddos s\u00f3 \u00e0 linha principal. Contudo, em certos casos pode haver d\u00favida razo\u00e1vel quanto \u00e0 linha considerada principal de acordo com a folha de solu\u00e7\u00f5es oficial; portanto, recomenda-se que o solucionista anote todas as linhas que considerar relevantes para a solu\u00e7\u00e3o do problema, at\u00e9 o momento em que uma posi\u00e7\u00e3o de ganho ou empate claro se produza sobre o tabuleiro, lembrando de nunca dar duas continua\u00e7\u00f5es alternativas para o lado branco.<\/p>\n<p>Nos estudos que terminem por uma combina\u00e7\u00e3o de mate, o solucionista deve escrever at\u00e9 o \u00faltimo lance branco, ou seja, at\u00e9 o xeque-mate. Analogamente, em estudos que levem ao empate por afogamento do rei branco, o solucionista deve escrever at\u00e9 o lance negro que produza a situa\u00e7\u00e3o de afogamento.<\/p>\n<p>Nos estudos, o solucionista ser\u00e1 pontuado cumulativamente ao longo da linha principal, at\u00e9 o m\u00e1ximo de 5 pontos.<\/p>\n\t<h3><strong>INSCRIPCIONES<\/strong><\/h3>\n<p>Inscri\u00e7\u00f5es ser\u00e3o aceitas, mediante o pagamento da taxa de 30 reais, at\u00e9 a data de 25 de abril de 2024.<\/p>\n\t<h3><strong>PREMIOS<\/strong><\/h3>\n<p>1\u00ba lugar: trof\u00e9u + 200 reais<\/p>\n<p>2\u00ba lugar: 100 reais<\/p>\n<p>3\u00ba lugar: 80 reais<\/p>\n<p>4\u00ba lugar: 60 reais<\/p>\n<p>5\u00ba lugar: 60 reais<\/p>","protected":false},"excerpt":{"rendered":"<p>TORNEIO DE SOLU\u00c7\u00d5ES MEMORIAL HILTON RIOS DATA: 27 DE ABRIL DE 2024 &#8211; 14:00 DIRETOR: MARCOS MALDONADO ROLAND REGULAMENTO Trata-se de um torneio de solu\u00e7\u00f5es de problemas de xadrez, entendendo-se como &#8220;problema de xadrez&#8221; uma composi\u00e7\u00e3o art\u00edstica com um enunciado de tarefa a executar, cuja solu\u00e7\u00e3o se requer do solucionista (por exemplo, &#8220;brancas jogam e [&hellip;]<\/p>\n","protected":false},"author":5,"featured_media":0,"parent":0,"menu_order":0,"comment_status":"closed","ping_status":"closed","template":"","meta":{"_monsterinsights_skip_tracking":false,"_monsterinsights_sitenote_active":false,"_monsterinsights_sitenote_note":"","_monsterinsights_sitenote_category":0,"footnotes":""},"class_list":["post-1366","page","type-page","status-publish","hentry"],"_links":{"self":[{"href":"https:\/\/riochessopen.com\/es\/wp-json\/wp\/v2\/pages\/1366","targetHints":{"allow":["GET"]}}],"collection":[{"href":"https:\/\/riochessopen.com\/es\/wp-json\/wp\/v2\/pages"}],"about":[{"href":"https:\/\/riochessopen.com\/es\/wp-json\/wp\/v2\/types\/page"}],"author":[{"embeddable":true,"href":"https:\/\/riochessopen.com\/es\/wp-json\/wp\/v2\/users\/5"}],"replies":[{"embeddable":true,"href":"https:\/\/riochessopen.com\/es\/wp-json\/wp\/v2\/comments?post=1366"}],"version-history":[{"count":3,"href":"https:\/\/riochessopen.com\/es\/wp-json\/wp\/v2\/pages\/1366\/revisions"}],"predecessor-version":[{"id":1369,"href":"https:\/\/riochessopen.com\/es\/wp-json\/wp\/v2\/pages\/1366\/revisions\/1369"}],"wp:attachment":[{"href":"https:\/\/riochessopen.com\/es\/wp-json\/wp\/v2\/media?parent=1366"}],"curies":[{"name":"wp","href":"https:\/\/api.w.org\/{rel}","templated":true}]}}