{"id":1268,"date":"2024-01-10T12:55:33","date_gmt":"2024-01-10T15:55:33","guid":{"rendered":"https:\/\/riochessopen.com\/?page_id=1268"},"modified":"2024-01-10T13:04:29","modified_gmt":"2024-01-10T16:04:29","slug":"manutencao","status":"publish","type":"page","link":"https:\/\/riochessopen.com\/es\/manutencao\/","title":{"rendered":"Manuten\u00e7\u00e3o"},"content":{"rendered":"<img fetchpriority=\"high\" decoding=\"async\" src=\"https:\/\/riochessopen.com\/wp-content\/uploads\/2023\/10\/rio-chess.jpg\" alt=\"rio chess\" itemprop=\"image\" height=\"383\" width=\"708\" title=\"rio chess\" onerror=\"this.style.display='none'\"  \/>\n\t<p>Site em Manuten\u00e7\u00e3o<\/p>\n\t<p>Edi\u00e7\u00f5es anteriores<\/p>\n\t\t\t<a href=\"https:\/\/riochessopen.com\/es\/edicoes\/2022\/\" target=\"_self\" role=\"button\" rel=\"noopener\">\n\t\t\t\t\t\t\t2022\n\t\t\t\t\t<\/a>\n\t\t\t<a href=\"https:\/\/riochessopen.com\/es\/edicoes\/2023\/\" target=\"_self\" role=\"button\" rel=\"noopener\">\n\t\t\t\t\t\t\t2023\n\t\t\t\t\t<\/a>","protected":false},"excerpt":{"rendered":"<p>Site em Manuten\u00e7\u00e3o Edi\u00e7\u00f5es anteriores 2022 2023<\/p>","protected":false},"author":8,"featured_media":0,"parent":0,"menu_order":0,"comment_status":"closed","ping_status":"closed","template":"","meta":{"_monsterinsights_skip_tracking":false,"_monsterinsights_sitenote_active":false,"_monsterinsights_sitenote_note":"","_monsterinsights_sitenote_category":0,"footnotes":""},"class_list":["post-1268","page","type-page","status-publish","hentry"],"_links":{"self":[{"href":"https:\/\/riochessopen.com\/es\/wp-json\/wp\/v2\/pages\/1268","targetHints":{"allow":["GET"]}}],"collection":[{"href":"https:\/\/riochessopen.com\/es\/wp-json\/wp\/v2\/pages"}],"about":[{"href":"https:\/\/riochessopen.com\/es\/wp-json\/wp\/v2\/types\/page"}],"author":[{"embeddable":true,"href":"https:\/\/riochessopen.com\/es\/wp-json\/wp\/v2\/users\/8"}],"replies":[{"embeddable":true,"href":"https:\/\/riochessopen.com\/es\/wp-json\/wp\/v2\/comments?post=1268"}],"version-history":[{"count":3,"href":"https:\/\/riochessopen.com\/es\/wp-json\/wp\/v2\/pages\/1268\/revisions"}],"predecessor-version":[{"id":1271,"href":"https:\/\/riochessopen.com\/es\/wp-json\/wp\/v2\/pages\/1268\/revisions\/1271"}],"wp:attachment":[{"href":"https:\/\/riochessopen.com\/es\/wp-json\/wp\/v2\/media?parent=1268"}],"curies":[{"name":"wp","href":"https:\/\/api.w.org\/{rel}","templated":true}]}}