{"id":4088,"date":"2025-04-17T18:21:51","date_gmt":"2025-04-17T21:21:51","guid":{"rendered":"https:\/\/riochessopen.com\/?page_id=4088"},"modified":"2025-04-18T10:11:18","modified_gmt":"2025-04-18T13:11:18","slug":"como-chegar-2025","status":"publish","type":"page","link":"https:\/\/riochessopen.com\/en\/como-chegar-2025\/","title":{"rendered":"como chegar 2025"},"content":{"rendered":"<div data-elementor-type=\"wp-page\" data-elementor-id=\"4088\" class=\"elementor elementor-4088\" data-elementor-post-type=\"page\">\n\t\t\t\t<div class=\"elementor-element elementor-element-e09f4e3 e-flex e-con-boxed e-con e-parent\" data-id=\"e09f4e3\" data-element_type=\"container\" data-e-type=\"container\">\n\t\t\t\t\t<div class=\"e-con-inner\">\n\t\t\t\t<div class=\"elementor-element elementor-element-aca7596 elementor-widget__width-initial elementor-widget elementor-widget-image\" data-id=\"aca7596\" data-element_type=\"widget\" data-e-type=\"widget\" data-widget_type=\"image.default\">\n\t\t\t\t<div class=\"elementor-widget-container\">\n\t\t\t\t\t\t\t\t\t\t\t\t\t\t\t<img fetchpriority=\"high\" decoding=\"async\" width=\"800\" height=\"408\" src=\"https:\/\/riochessopen.com\/wp-content\/uploads\/2024\/11\/RCO-HORIZONTAL-TRANSP-1024x522.png\" class=\"attachment-large size-large wp-image-1793\" alt=\"\" srcset=\"https:\/\/riochessopen.com\/wp-content\/uploads\/2024\/11\/RCO-HORIZONTAL-TRANSP-1024x522.png 1024w, https:\/\/riochessopen.com\/wp-content\/uploads\/2024\/11\/RCO-HORIZONTAL-TRANSP-300x153.png 300w, https:\/\/riochessopen.com\/wp-content\/uploads\/2024\/11\/RCO-HORIZONTAL-TRANSP-768x392.png 768w, https:\/\/riochessopen.com\/wp-content\/uploads\/2024\/11\/RCO-HORIZONTAL-TRANSP-1536x783.png 1536w, https:\/\/riochessopen.com\/wp-content\/uploads\/2024\/11\/RCO-HORIZONTAL-TRANSP-18x9.png 18w, https:\/\/riochessopen.com\/wp-content\/uploads\/2024\/11\/RCO-HORIZONTAL-TRANSP.png 1745w\" sizes=\"(max-width: 800px) 100vw, 800px\" loading=\"eager\" \/>\t\t\t\t\t\t\t\t\t\t\t\t\t\t\t<\/div>\n\t\t\t\t<\/div>\n\t\t\t\t\t<\/div>\n\t\t\t\t<\/div>\n\t\t<div class=\"elementor-element elementor-element-e000459 e-flex e-con-boxed e-con e-parent\" data-id=\"e000459\" data-element_type=\"container\" data-e-type=\"container\">\n\t\t\t\t\t<div class=\"e-con-inner\">\n\t\t\t\t<div class=\"elementor-element elementor-element-7deaf8c elementor-widget elementor-widget-text-editor\" data-id=\"7deaf8c\" data-element_type=\"widget\" data-e-type=\"widget\" data-widget_type=\"text-editor.default\">\n\t\t\t\t<div class=\"elementor-widget-container\">\n\t\t\t\t\t\t\t\t\t<div class=\"fl-col-group fl-node-awjhpbl57ik0\" data-node=\"awjhpbl57ik0\"><p>The <strong>IV Rio Chess Open 2025<\/strong> ser\u00e1 realizado no <strong>Centro Loyola de F\u00e9 e Cultura, Rio de Janeiro, RJ \u2013 Brasil, de 05 a 11 de maio de 2025.<\/strong>\u00a0<\/p><\/div><div class=\"fl-col-group fl-node-h2ft3or4mxi8\" data-node=\"h2ft3or4mxi8\"><div class=\"fl-col fl-node-369wr1y8ofsv\" data-node=\"369wr1y8ofsv\"><div class=\"fl-col-content fl-node-content\"><div class=\"fl-module fl-module-button-group fl-node-vmdawjpxgtfy\" data-node=\"vmdawjpxgtfy\"><div class=\"fl-module-content fl-node-content\"><div class=\"fl-button-group fl-button-group-layout-horizontal fl-button-group-width-\"><div class=\"fl-button-group-buttons\" role=\"group\" aria-label=\"\"><div id=\"fl-button-group-button-vmdawjpxgtfy-0\" class=\"fl-button-group-button fl-button-group-button-vmdawjpxgtfy-0\"><div class=\"fl-button-wrap fl-button-width-full fl-button-center fl-button-has-icon\">\u00a0<\/div><\/div><\/div><\/div><\/div><\/div><\/div><\/div><\/div>\t\t\t\t\t\t\t\t<\/div>\n\t\t\t\t<\/div>\n\t\t\t\t\t<\/div>\n\t\t\t\t<\/div>\n\t\t<div class=\"elementor-element elementor-element-d772fc0 e-flex e-con-boxed e-con e-parent\" data-id=\"d772fc0\" data-element_type=\"container\" data-e-type=\"container\">\n\t\t\t\t\t<div class=\"e-con-inner\">\n\t\t\t\t<div class=\"elementor-element elementor-element-546d52d elementor-widget elementor-widget-button\" data-id=\"546d52d\" data-element_type=\"widget\" data-e-type=\"widget\" data-widget_type=\"button.default\">\n\t\t\t\t<div class=\"elementor-widget-container\">\n\t\t\t\t\t\t\t\t\t<div class=\"elementor-button-wrapper\">\n\t\t\t\t\t<a class=\"elementor-button elementor-button-link elementor-size-sm\" href=\"https:\/\/edrosas.com.br\/produto\/rio-chess-open-2025\/\">\n\t\t\t\t\t\t<span class=\"elementor-button-content-wrapper\">\n\t\t\t\t\t\t<span class=\"elementor-button-icon\">\n\t\t\t\t<svg aria-hidden=\"true\" class=\"e-font-icon-svg e-fas-pen\" viewbox=\"0 0 512 512\" xmlns=\"http:\/\/www.w3.org\/2000\/svg\"><path d=\"M290.74 93.24l128.02 128.02-277.99 277.99-114.14 12.6C11.35 513.54-1.56 500.62.14 485.34l12.7-114.22 277.9-277.88zm207.2-19.06l-60.11-60.11c-18.75-18.75-49.16-18.75-67.91 0l-56.55 56.55 128.02 128.02 56.55-56.55c18.75-18.76 18.75-49.16 0-67.91z\"><\/path><\/svg>\t\t\t<\/span>\n\t\t\t\t\t\t\t\t\t<span class=\"elementor-button-text\"> SUBSCRIBE<\/span>\n\t\t\t\t\t<\/span>\n\t\t\t\t\t<\/a>\n\t\t\t\t<\/div>\n\t\t\t\t\t\t\t\t<\/div>\n\t\t\t\t<\/div>\n\t\t\t\t\t<\/div>\n\t\t\t\t<\/div>\n\t\t<div class=\"elementor-element elementor-element-56a29eb e-flex e-con-boxed e-con e-parent\" data-id=\"56a29eb\" data-element_type=\"container\" data-e-type=\"container\">\n\t\t\t\t\t<div class=\"e-con-inner\">\n\t\t\t\t<div class=\"elementor-element elementor-element-919de5f elementor-widget__width-initial elementor-widget elementor-widget-image\" data-id=\"919de5f\" data-element_type=\"widget\" data-e-type=\"widget\" data-widget_type=\"image.default\">\n\t\t\t\t<div class=\"elementor-widget-container\">\n\t\t\t\t\t\t\t\t\t\t\t\t\t\t\t<img decoding=\"async\" width=\"800\" height=\"527\" src=\"https:\/\/riochessopen.com\/wp-content\/uploads\/2025\/04\/Logo-Centro-Loyola-branco-2048x1347-1-1024x674.png\" class=\"attachment-large size-large wp-image-4064\" alt=\"\" srcset=\"https:\/\/riochessopen.com\/wp-content\/uploads\/2025\/04\/Logo-Centro-Loyola-branco-2048x1347-1-1024x674.png 1024w, https:\/\/riochessopen.com\/wp-content\/uploads\/2025\/04\/Logo-Centro-Loyola-branco-2048x1347-1-300x197.png 300w, https:\/\/riochessopen.com\/wp-content\/uploads\/2025\/04\/Logo-Centro-Loyola-branco-2048x1347-1-768x505.png 768w, https:\/\/riochessopen.com\/wp-content\/uploads\/2025\/04\/Logo-Centro-Loyola-branco-2048x1347-1-1536x1010.png 1536w, https:\/\/riochessopen.com\/wp-content\/uploads\/2025\/04\/Logo-Centro-Loyola-branco-2048x1347-1-18x12.png 18w, https:\/\/riochessopen.com\/wp-content\/uploads\/2025\/04\/Logo-Centro-Loyola-branco-2048x1347-1.png 1920w\" sizes=\"(max-width: 800px) 100vw, 800px\" loading=\"eager\" \/>\t\t\t\t\t\t\t\t\t\t\t\t\t\t\t<\/div>\n\t\t\t\t<\/div>\n\t\t\t\t<div class=\"elementor-element elementor-element-1e4d9a0 elementor-widget elementor-widget-text-editor\" data-id=\"1e4d9a0\" data-element_type=\"widget\" data-e-type=\"widget\" data-widget_type=\"text-editor.default\">\n\t\t\t\t<div class=\"elementor-widget-container\">\n\t\t\t\t\t\t\t\t\t<div class=\"uabb-infobox-title-wrap\">\n<h3 class=\"uabb-infobox-title\">Centro Loyola de F\u00e9 e Cultura<\/h3>\n<\/div>\n<div class=\"uabb-infobox-text-wrap\">\n<div class=\"uabb-infobox-text uabb-text-editor\"><\/div>\n<\/div>\t\t\t\t\t\t\t\t<\/div>\n\t\t\t\t<\/div>\n\t\t\t\t<div class=\"elementor-element elementor-element-ead0ff2 elementor-widget elementor-widget-text-editor\" data-id=\"ead0ff2\" data-element_type=\"widget\" data-e-type=\"widget\" data-widget_type=\"text-editor.default\">\n\t\t\t\t<div class=\"elementor-widget-container\">\n\t\t\t\t\t\t\t\t\t<br><strong>Estr. da G\u00e1vea, 1 &#8211; G\u00e1vea, Rio de Janeiro &#8211; RJ, 22451-262<\/strong>\t\t\t\t\t\t\t\t<\/div>\n\t\t\t\t<\/div>\n\t\t\t\t<div class=\"elementor-element elementor-element-84e471f elementor-widget elementor-widget-text-editor\" data-id=\"84e471f\" data-element_type=\"widget\" data-e-type=\"widget\" data-widget_type=\"text-editor.default\">\n\t\t\t\t<div class=\"elementor-widget-container\">\n\t\t\t\t\t\t\t\t\t<p>Participants staying at the official hotel will receive a discount on accommodation.<br \/><strong>Attention:<\/strong>\u00a0bookings through sites such as Expedia, Booking and similar are not valid for the promotion. Bookings must be made exclusively via the link below, stating that you are a participant in the event XADREZ (CHESS).<\/p>\t\t\t\t\t\t\t\t<\/div>\n\t\t\t\t<\/div>\n\t\t<div class=\"elementor-element elementor-element-aa4f18a e-con-full e-flex e-con e-child\" data-id=\"aa4f18a\" data-element_type=\"container\" data-e-type=\"container\">\n\t\t\t\t<\/div>\n\t\t\t\t\t<\/div>\n\t\t\t\t<\/div>\n\t\t<div class=\"elementor-element elementor-element-b11cf77 e-flex e-con-boxed e-con e-parent\" data-id=\"b11cf77\" data-element_type=\"container\" data-e-type=\"container\">\n\t\t\t\t\t<div class=\"e-con-inner\">\n\t\t\t\t<div class=\"elementor-element elementor-element-c0b042c elementor-widget elementor-widget-text-editor\" data-id=\"c0b042c\" data-element_type=\"widget\" data-e-type=\"widget\" data-widget_type=\"text-editor.default\">\n\t\t\t\t<div class=\"elementor-widget-container\">\n\t\t\t\t\t\t\t\t\t<h3><strong>COMO CHEGAR<\/strong><\/h3>\t\t\t\t\t\t\t\t<\/div>\n\t\t\t\t<\/div>\n\t\t\t\t<div class=\"elementor-element elementor-element-de20b6d elementor-align-center elementor-widget elementor-widget-button\" data-id=\"de20b6d\" data-element_type=\"widget\" data-e-type=\"widget\" data-widget_type=\"button.default\">\n\t\t\t\t<div class=\"elementor-widget-container\">\n\t\t\t\t\t\t\t\t\t<div class=\"elementor-button-wrapper\">\n\t\t\t\t\t<a class=\"elementor-button elementor-button-link elementor-size-sm\" href=\"https:\/\/maps.app.goo.gl\/Lj9JNXJwvWwqpyCG9\">\n\t\t\t\t\t\t<span class=\"elementor-button-content-wrapper\">\n\t\t\t\t\t\t<span class=\"elementor-button-icon\">\n\t\t\t\t<svg aria-hidden=\"true\" class=\"e-font-icon-svg e-far-map\" viewbox=\"0 0 576 512\" xmlns=\"http:\/\/www.w3.org\/2000\/svg\"><path d=\"M560.02 32c-1.96 0-3.98.37-5.96 1.16L384.01 96H384L212 35.28A64.252 64.252 0 0 0 191.76 32c-6.69 0-13.37 1.05-19.81 3.14L20.12 87.95A32.006 32.006 0 0 0 0 117.66v346.32C0 473.17 7.53 480 15.99 480c1.96 0 3.97-.37 5.96-1.16L192 416l172 60.71a63.98 63.98 0 0 0 40.05.15l151.83-52.81A31.996 31.996 0 0 0 576 394.34V48.02c0-9.19-7.53-16.02-15.98-16.02zM224 90.42l128 45.19v285.97l-128-45.19V90.42zM48 418.05V129.07l128-44.53v286.2l-.64.23L48 418.05zm480-35.13l-128 44.53V141.26l.64-.24L528 93.95v288.97z\"><\/path><\/svg>\t\t\t<\/span>\n\t\t\t\t\t\t\t\t\t<span class=\"elementor-button-text\">MAP<\/span>\n\t\t\t\t\t<\/span>\n\t\t\t\t\t<\/a>\n\t\t\t\t<\/div>\n\t\t\t\t\t\t\t\t<\/div>\n\t\t\t\t<\/div>\n\t\t<div class=\"elementor-element elementor-element-e9f64ed e-con-full e-flex e-con e-child\" data-id=\"e9f64ed\" data-element_type=\"container\" data-e-type=\"container\">\n\t\t\t\t<div class=\"elementor-element elementor-element-7027bfe elementor-widget elementor-widget-button\" data-id=\"7027bfe\" data-element_type=\"widget\" data-e-type=\"widget\" data-widget_type=\"button.default\">\n\t\t\t\t<div class=\"elementor-widget-container\">\n\t\t\t\t\t\t\t\t\t<div class=\"elementor-button-wrapper\">\n\t\t\t\t\t<a class=\"elementor-button elementor-button-link elementor-size-sm\" href=\"https:\/\/moovitapp.com\/index\/pt-br\/transporte_p%C3%BAblico-Centro_Loyola_de_F%C3%A9_e_Cultura-Rio_de_Janeiro-site_24641649-322\">\n\t\t\t\t\t\t<span class=\"elementor-button-content-wrapper\">\n\t\t\t\t\t\t<span class=\"elementor-button-icon\">\n\t\t\t\t<svg aria-hidden=\"true\" class=\"e-font-icon-svg e-far-map\" viewbox=\"0 0 576 512\" xmlns=\"http:\/\/www.w3.org\/2000\/svg\"><path d=\"M560.02 32c-1.96 0-3.98.37-5.96 1.16L384.01 96H384L212 35.28A64.252 64.252 0 0 0 191.76 32c-6.69 0-13.37 1.05-19.81 3.14L20.12 87.95A32.006 32.006 0 0 0 0 117.66v346.32C0 473.17 7.53 480 15.99 480c1.96 0 3.97-.37 5.96-1.16L192 416l172 60.71a63.98 63.98 0 0 0 40.05.15l151.83-52.81A31.996 31.996 0 0 0 576 394.34V48.02c0-9.19-7.53-16.02-15.98-16.02zM224 90.42l128 45.19v285.97l-128-45.19V90.42zM48 418.05V129.07l128-44.53v286.2l-.64.23L48 418.05zm480-35.13l-128 44.53V141.26l.64-.24L528 93.95v288.97z\"><\/path><\/svg>\t\t\t<\/span>\n\t\t\t\t\t\t\t\t\t<span class=\"elementor-button-text\">ROTAS<\/span>\n\t\t\t\t\t<\/span>\n\t\t\t\t\t<\/a>\n\t\t\t\t<\/div>\n\t\t\t\t\t\t\t\t<\/div>\n\t\t\t\t<\/div>\n\t\t\t\t<\/div>\n\t\t\t\t<div class=\"elementor-element elementor-element-a9eb5e4 elementor-widget elementor-widget-text-editor\" data-id=\"a9eb5e4\" data-element_type=\"widget\" data-e-type=\"widget\" data-widget_type=\"text-editor.default\">\n\t\t\t\t<div class=\"elementor-widget-container\">\n\t\t\t\t\t\t\t\t\t<h3><strong>VINDO DA RODOVI\u00c1RIA<\/strong><\/h3><p>Pegar 112 no Terminal Gentileza<\/p>\t\t\t\t\t\t\t\t<\/div>\n\t\t\t\t<\/div>\n\t\t\t\t<div class=\"elementor-element elementor-element-bd25ab7 elementor-widget elementor-widget-image\" data-id=\"bd25ab7\" data-element_type=\"widget\" data-e-type=\"widget\" data-widget_type=\"image.default\">\n\t\t\t\t<div class=\"elementor-widget-container\">\n\t\t\t\t\t\t\t\t\t\t\t\t<figure class=\"wp-caption\">\n\t\t\t\t\t\t\t\t\t\t\t<a href=\"https:\/\/moovitapp.com\/index\/pt-br\/transporte_p%C3%BAblico-line-112-Rio_de_Janeiro-322-854641-51356252-1\">\n\t\t\t\t\t\t\t<img decoding=\"async\" width=\"692\" height=\"621\" src=\"https:\/\/riochessopen.com\/wp-content\/uploads\/2025\/04\/112-gentileza.jpg\" class=\"attachment-medium_large size-medium_large wp-image-4090\" alt=\"\" srcset=\"https:\/\/riochessopen.com\/wp-content\/uploads\/2025\/04\/112-gentileza.jpg 692w, https:\/\/riochessopen.com\/wp-content\/uploads\/2025\/04\/112-gentileza-300x269.jpg 300w, https:\/\/riochessopen.com\/wp-content\/uploads\/2025\/04\/112-gentileza-13x12.jpg 13w\" sizes=\"(max-width: 692px) 100vw, 692px\" loading=\"eager\" \/>\t\t\t\t\t\t\t\t<\/a>\n\t\t\t\t\t\t\t\t\t\t\t<figcaption class=\"widget-image-caption wp-caption-text\">Ininer\u00e1rio do \u00f4nibus 112 at\u00e9 o local do evento<\/figcaption>\n\t\t\t\t\t\t\t\t\t\t<\/figure>\n\t\t\t\t\t\t\t\t\t<\/div>\n\t\t\t\t<\/div>\n\t\t\t\t<div class=\"elementor-element elementor-element-f8ae014 elementor-widget elementor-widget-text-editor\" data-id=\"f8ae014\" data-element_type=\"widget\" data-e-type=\"widget\" data-widget_type=\"text-editor.default\">\n\t\t\t\t<div class=\"elementor-widget-container\">\n\t\t\t\t\t\t\t\t\t<h3><strong>VINDO DE METR\u00d4<\/strong><\/h3><p>Saltar na esta\u00e7\u00e3o ANTERO DE QUENTAL e pegar o \u00f4nibus 539 ou VAN 2102<\/p>\t\t\t\t\t\t\t\t<\/div>\n\t\t\t\t<\/div>\n\t\t\t\t<div class=\"elementor-element elementor-element-a98f267 elementor-widget elementor-widget-image\" data-id=\"a98f267\" data-element_type=\"widget\" data-e-type=\"widget\" data-widget_type=\"image.default\">\n\t\t\t\t<div class=\"elementor-widget-container\">\n\t\t\t\t\t\t\t\t\t\t\t\t<figure class=\"wp-caption\">\n\t\t\t\t\t\t\t\t\t\t\t<a href=\"https:\/\/moovitapp.com\/i\/7e83a59d-467e-3ee5-adde-3bf56459be47?t=1\">\n\t\t\t\t\t\t\t<img decoding=\"async\" width=\"646\" height=\"575\" src=\"https:\/\/riochessopen.com\/wp-content\/uploads\/2025\/04\/ANTERO-QUENTAL.jpg\" class=\"attachment-large size-large wp-image-4091\" alt=\"\" srcset=\"https:\/\/riochessopen.com\/wp-content\/uploads\/2025\/04\/ANTERO-QUENTAL.jpg 646w, https:\/\/riochessopen.com\/wp-content\/uploads\/2025\/04\/ANTERO-QUENTAL-300x267.jpg 300w, https:\/\/riochessopen.com\/wp-content\/uploads\/2025\/04\/ANTERO-QUENTAL-13x12.jpg 13w\" sizes=\"(max-width: 646px) 100vw, 646px\" loading=\"eager\" \/>\t\t\t\t\t\t\t\t<\/a>\n\t\t\t\t\t\t\t\t\t\t\t<figcaption class=\"widget-image-caption wp-caption-text\">Itiner\u00e1rio do \u00f4nibus 539 at\u00e9 o local do evento<\/figcaption>\n\t\t\t\t\t\t\t\t\t\t<\/figure>\n\t\t\t\t\t\t\t\t\t<\/div>\n\t\t\t\t<\/div>\n\t\t\t\t<div class=\"elementor-element elementor-element-fd316e6 elementor-widget elementor-widget-image\" data-id=\"fd316e6\" data-element_type=\"widget\" data-e-type=\"widget\" data-widget_type=\"image.default\">\n\t\t\t\t<div class=\"elementor-widget-container\">\n\t\t\t\t\t\t\t\t\t\t\t\t<figure class=\"wp-caption\">\n\t\t\t\t\t\t\t\t\t\t\t<a href=\"https:\/\/moovitapp.com\/rio_de_janeiro-322\/poi\/Centro%20Loyola%20de%20F%C3%A9%20e%20Cultura\/Metr%C3%B4%20-%20Esta%C3%A7%C3%A3o%20Antero%20De%20Quental\/itinerary\/pt-br?ref=2&#038;customerId=4908&#038;tll=-22.981956_-43.240062&#038;fll=-22.984531_-43.223346\">\n\t\t\t\t\t\t\t<img decoding=\"async\" width=\"695\" height=\"620\" src=\"https:\/\/riochessopen.com\/wp-content\/uploads\/2025\/04\/van-2102.jpg\" class=\"attachment-large size-large wp-image-4096\" alt=\"\" srcset=\"https:\/\/riochessopen.com\/wp-content\/uploads\/2025\/04\/van-2102.jpg 695w, https:\/\/riochessopen.com\/wp-content\/uploads\/2025\/04\/van-2102-300x268.jpg 300w, https:\/\/riochessopen.com\/wp-content\/uploads\/2025\/04\/van-2102-13x12.jpg 13w\" sizes=\"(max-width: 695px) 100vw, 695px\" loading=\"eager\" \/>\t\t\t\t\t\t\t\t<\/a>\n\t\t\t\t\t\t\t\t\t\t\t<figcaption class=\"widget-image-caption wp-caption-text\">Itiner\u00e1rio da VAN 2102 circular que passa na esta\u00e7\u00e3o ANTERO DE QUENTAL at\u00e9 o local do evento<\/figcaption>\n\t\t\t\t\t\t\t\t\t\t<\/figure>\n\t\t\t\t\t\t\t\t\t<\/div>\n\t\t\t\t<\/div>\n\t\t\t\t<div class=\"elementor-element elementor-element-410973d elementor-widget elementor-widget-text-editor\" data-id=\"410973d\" data-element_type=\"widget\" data-e-type=\"widget\" data-widget_type=\"text-editor.default\">\n\t\t\t\t<div class=\"elementor-widget-container\">\n\t\t\t\t\t\t\t\t\t<h3><strong>VINDO DO HOTEL SOUTH AMERICAN<\/strong><\/h3><p>Saltar na esta\u00e7\u00e3o ANTERO DE QUENTAL e pegar o \u00f4nibus 539 ou VAN 2102<\/p>\t\t\t\t\t\t\t\t<\/div>\n\t\t\t\t<\/div>\n\t\t\t\t<div class=\"elementor-element elementor-element-732dc5d elementor-widget elementor-widget-image\" data-id=\"732dc5d\" data-element_type=\"widget\" data-e-type=\"widget\" data-widget_type=\"image.default\">\n\t\t\t\t<div class=\"elementor-widget-container\">\n\t\t\t\t\t\t\t\t\t\t\t\t<figure class=\"wp-caption\">\n\t\t\t\t\t\t\t\t\t\t\t<a href=\"https:\/\/moovitapp.com\/i\/04423186-a14d-3d0d-ad22-36ccdc6b0b29?t=1\">\n\t\t\t\t\t\t\t<img decoding=\"async\" width=\"643\" height=\"448\" src=\"https:\/\/riochessopen.com\/wp-content\/uploads\/2025\/04\/SOUTH-AMERICAN.jpg\" class=\"attachment-large size-large wp-image-4113\" alt=\"\" srcset=\"https:\/\/riochessopen.com\/wp-content\/uploads\/2025\/04\/SOUTH-AMERICAN.jpg 643w, https:\/\/riochessopen.com\/wp-content\/uploads\/2025\/04\/SOUTH-AMERICAN-300x209.jpg 300w, https:\/\/riochessopen.com\/wp-content\/uploads\/2025\/04\/SOUTH-AMERICAN-18x12.jpg 18w\" sizes=\"(max-width: 643px) 100vw, 643px\" loading=\"eager\" \/>\t\t\t\t\t\t\t\t<\/a>\n\t\t\t\t\t\t\t\t\t\t\t<figcaption class=\"widget-image-caption wp-caption-text\">Itiner\u00e1rio do \u00f4nibus 539 e da VAN 2102 do SOUTH AMERICAN at\u00e9 o local do evento<\/figcaption>\n\t\t\t\t\t\t\t\t\t\t<\/figure>\n\t\t\t\t\t\t\t\t\t<\/div>\n\t\t\t\t<\/div>\n\t\t\t\t\t<\/div>\n\t\t\t\t<\/div>\n\t\t\t\t<\/div>","protected":false},"excerpt":{"rendered":"<p>O IV Rio Chess Open 2025 ser\u00e1 realizado no Centro Loyola de F\u00e9 e Cultura, Rio de Janeiro, RJ \u2013 Brasil, de 05 a 11 de maio de 2025.\u00a0 \u00a0 INSCREVA-SE Centro Loyola de F\u00e9 e Cultura Estr. da G\u00e1vea, 1 &#8211; G\u00e1vea, Rio de Janeiro &#8211; RJ, 22451-262 Os participantes que se hospedarem no [&hellip;]<\/p>\n","protected":false},"author":5,"featured_media":0,"parent":0,"menu_order":0,"comment_status":"closed","ping_status":"closed","template":"elementor_canvas","meta":{"_monsterinsights_skip_tracking":false,"_monsterinsights_sitenote_active":false,"_monsterinsights_sitenote_note":"","_monsterinsights_sitenote_category":0,"footnotes":""},"class_list":["post-4088","page","type-page","status-publish","hentry"],"_links":{"self":[{"href":"https:\/\/riochessopen.com\/en\/wp-json\/wp\/v2\/pages\/4088","targetHints":{"allow":["GET"]}}],"collection":[{"href":"https:\/\/riochessopen.com\/en\/wp-json\/wp\/v2\/pages"}],"about":[{"href":"https:\/\/riochessopen.com\/en\/wp-json\/wp\/v2\/types\/page"}],"author":[{"embeddable":true,"href":"https:\/\/riochessopen.com\/en\/wp-json\/wp\/v2\/users\/5"}],"replies":[{"embeddable":true,"href":"https:\/\/riochessopen.com\/en\/wp-json\/wp\/v2\/comments?post=4088"}],"version-history":[{"count":19,"href":"https:\/\/riochessopen.com\/en\/wp-json\/wp\/v2\/pages\/4088\/revisions"}],"predecessor-version":[{"id":4119,"href":"https:\/\/riochessopen.com\/en\/wp-json\/wp\/v2\/pages\/4088\/revisions\/4119"}],"wp:attachment":[{"href":"https:\/\/riochessopen.com\/en\/wp-json\/wp\/v2\/media?parent=4088"}],"curies":[{"name":"wp","href":"https:\/\/api.w.org\/{rel}","templated":true}]}}