{"id":1506,"date":"2024-09-27T23:38:41","date_gmt":"2024-09-28T02:38:41","guid":{"rendered":"https:\/\/riochessopen.com\/?page_id=1506"},"modified":"2024-09-30T21:08:23","modified_gmt":"2024-10-01T00:08:23","slug":"form","status":"publish","type":"page","link":"https:\/\/riochessopen.com\/en\/form\/","title":{"rendered":"form"},"content":{"rendered":"\t\t<div data-elementor-type=\"wp-page\" data-elementor-id=\"1506\" class=\"elementor elementor-1506\" data-elementor-settings=\"{&quot;ha_cmc_init_switcher&quot;:&quot;no&quot;}\" data-elementor-post-type=\"page\">\n\t\t\t\t<div class=\"elementor-element elementor-element-cd679e6 e-flex e-con-boxed e-con e-parent\" data-id=\"cd679e6\" data-element_type=\"container\" data-e-type=\"container\">\n\t\t\t\t\t<div class=\"e-con-inner\">\n\t\t\t\t<div class=\"elementor-element elementor-element-0d3f195 elementor-widget elementor-widget-ha-gravityforms happy-addon ha-gravityforms\" data-id=\"0d3f195\" data-element_type=\"widget\" data-e-type=\"widget\" data-widget_type=\"ha-gravityforms.default\">\n\t\t\t\t<div class=\"elementor-widget-container\">\n\t\t\t\t\t<script type=\"text\/javascript\">var gform;gform||(document.addEventListener(\"gform_main_scripts_loaded\",function(){gform.scriptsLoaded=!0}),document.addEventListener(\"gform\/theme\/scripts_loaded\",function(){gform.themeScriptsLoaded=!0}),window.addEventListener(\"DOMContentLoaded\",function(){gform.domLoaded=!0}),gform={domLoaded:!1,scriptsLoaded:!1,themeScriptsLoaded:!1,isFormEditor:()=>\"function\"==typeof InitializeEditor,callIfLoaded:function(o){return!(!gform.domLoaded||!gform.scriptsLoaded||!gform.themeScriptsLoaded&&!gform.isFormEditor()||(gform.isFormEditor()&&console.warn(\"The use of gform.initializeOnLoaded() is deprecated in the form editor context and will be removed in Gravity Forms 3.1.\"),o(),0))},initializeOnLoaded:function(o){gform.callIfLoaded(o)||(document.addEventListener(\"gform_main_scripts_loaded\",()=>{gform.scriptsLoaded=!0,gform.callIfLoaded(o)}),document.addEventListener(\"gform\/theme\/scripts_loaded\",()=>{gform.themeScriptsLoaded=!0,gform.callIfLoaded(o)}),window.addEventListener(\"DOMContentLoaded\",()=>{gform.domLoaded=!0,gform.callIfLoaded(o)}))},hooks:{action:{},filter:{}},addAction:function(o,r,e,t){gform.addHook(\"action\",o,r,e,t)},addFilter:function(o,r,e,t){gform.addHook(\"filter\",o,r,e,t)},doAction:function(o){gform.doHook(\"action\",o,arguments)},applyFilters:function(o){return gform.doHook(\"filter\",o,arguments)},removeAction:function(o,r){gform.removeHook(\"action\",o,r)},removeFilter:function(o,r,e){gform.removeHook(\"filter\",o,r,e)},addHook:function(o,r,e,t,n){null==gform.hooks[o][r]&&(gform.hooks[o][r]=[]);var d=gform.hooks[o][r];null==n&&(n=r+\"_\"+d.length),gform.hooks[o][r].push({tag:n,callable:e,priority:t=null==t?10:t})},doHook:function(r,o,e){var t;if(e=Array.prototype.slice.call(e,1),null!=gform.hooks[r][o]&&((o=gform.hooks[r][o]).sort(function(o,r){return o.priority-r.priority}),o.forEach(function(o){\"function\"!=typeof(t=o.callable)&&(t=window[t]),\"action\"==r?t.apply(null,e):e[0]=t.apply(null,e)})),\"filter\"==r)return e[0]},removeHook:function(o,r,t,n){var e;null!=gform.hooks[o][r]&&(e=(e=gform.hooks[o][r]).filter(function(o,r,e){return!!(null!=n&&n!=o.tag||null!=t&&t!=o.priority)}),gform.hooks[o][r]=e)}});<\/script>\n                <div class='gf_browser_gecko gform_wrapper gravity-theme gform-theme--no-framework' data-form-theme='gravity-theme' data-form-index='0' id='gform_wrapper_1' ><div id='gf_1' class='gform_anchor' tabindex='-1'><\/div>\n                        <div class='gform_heading'>\n                            <h2 class=\"gform_title\">teste<\/h2>\n                            <p class='gform_description'><\/p>\n                        <\/div><form method='post' enctype='multipart\/form-data' target='gform_ajax_frame_1' id='gform_1'  action='\/en\/wp-json\/wp\/v2\/pages\/1506#gf_1' data-formid='1' novalidate>\n                        <div class='gform-body gform_body'><div id='gform_fields_1' class='gform_fields top_label form_sublabel_below description_below validation_below'><fieldset id=\"field_1_8\" class=\"gfield gfield--type-radio gfield--type-choice gfield--input-type-radio field_sublabel_below gfield--no-description field_description_below field_validation_below gfield_visibility_visible\"  data-js-reload=\"field_1_8\" ><legend class='gfield_label gform-field-label' >TORNEIO DESEJADO:<\/legend><div class='ginput_container ginput_container_radio'><div class='gfield_radio' id='input_1_8'>\n\t\t\t<div class='gchoice gchoice_1_8_0'>\n\t\t\t\t\t<input class='gfield-choice-input' name='input_8' type='radio' value='OPEN A (necess\u00e1rio estar em dia com a CBX)'  id='choice_1_8_0' onchange='gformToggleRadioOther( this )'    \/>\n\t\t\t\t\t<label for='choice_1_8_0' id='label_1_8_0' class='gform-field-label gform-field-label--type-inline'>OPEN A (necess\u00e1rio estar em dia com a CBX)<\/label>\n\t\t\t<\/div>\n\t\t\t<div class='gchoice gchoice_1_8_1'>\n\t\t\t\t\t<input class='gfield-choice-input' name='input_8' type='radio' value='OPEN B (N\u00c3O necess\u00e1rio estar em dia com a CBX)'  id='choice_1_8_1' onchange='gformToggleRadioOther( this )'    \/>\n\t\t\t\t\t<label for='choice_1_8_1' id='label_1_8_1' class='gform-field-label gform-field-label--type-inline'>OPEN B (N\u00c3O necess\u00e1rio estar em dia com a CBX)<\/label>\n\t\t\t<\/div><\/div><\/div><\/fieldset><fieldset id=\"field_1_10\" class=\"gfield gfield--type-name gfield--input-type-name gfield--width-full field_sublabel_below gfield--no-description field_description_below field_validation_below gfield_visibility_visible\"  data-js-reload=\"field_1_10\" ><legend class='gfield_label gform-field-label gfield_label_before_complex' >Nome<\/legend><div class='ginput_complex ginput_container ginput_container--name no_prefix has_first_name no_middle_name has_last_name no_suffix gf_name_has_2 ginput_container_name gform-grid-row' id='input_1_10'>\n                            \n                            <span id='input_1_10_3_container' class='name_first gform-grid-col gform-grid-col--size-auto' >\n                                                    <input type='text' name='input_10.3' id='input_1_10_3' value=''   aria-required='false'     \/>\n                                                    <label for='input_1_10_3' class='gform-field-label gform-field-label--type-sub '>First<\/label>\n                                                <\/span>\n                            \n                            <span id='input_1_10_6_container' class='name_last gform-grid-col gform-grid-col--size-auto' >\n                                                    <input type='text' name='input_10.6' id='input_1_10_6' value=''   aria-required='false'     \/>\n                                                    <label for='input_1_10_6' class='gform-field-label gform-field-label--type-sub '>Last<\/label>\n                                                <\/span>\n                            \n                        <\/div><\/fieldset><div id=\"field_1_11\" class=\"gfield gfield--type-date gfield--input-type-date gfield--input-type-datepicker gfield--datepicker-no-icon gfield--width-full field_sublabel_below gfield--no-description field_description_below field_validation_below gfield_visibility_visible\"  data-js-reload=\"field_1_11\" ><label class='gfield_label gform-field-label' for='input_1_11'>Data Nascimento:<\/label><div class='ginput_container ginput_container_date'>\n                            <input name='input_11' id='input_1_11' type='text' value='' class='datepicker gform-datepicker mdy datepicker_no_icon gdatepicker-no-icon'   placeholder='mm\/dd\/yyyy' aria-describedby=\"input_1_11_date_format\" aria-invalid=\"false\" \/>\n                            <span id='input_1_11_date_format' class='screen-reader-text'>MM slash DD slash YYYY<\/span>\n                        <\/div>\n                        <input type='hidden' id='gforms_calendar_icon_input_1_11' class='gform_hidden' value='https:\/\/riochessopen.com\/wp-content\/plugins\/gravityforms\/images\/datepicker\/datepicker.svg'\/><\/div><div id=\"field_1_12\" class=\"gfield gfield--type-email gfield--input-type-email gfield--width-full field_sublabel_below gfield--no-description field_description_below field_validation_below gfield_visibility_visible\"  data-js-reload=\"field_1_12\" ><label class='gfield_label gform-field-label' for='input_1_12'>E-mail<\/label><div class='ginput_container ginput_container_email'>\n                            <input name='input_12' id='input_1_12' type='email' value='' class='large'     aria-invalid=\"false\"  \/>\n                        <\/div><\/div><div id=\"field_1_13\" class=\"gfield gfield--type-phone gfield--input-type-phone gfield--width-full field_sublabel_below gfield--no-description field_description_below field_validation_below gfield_visibility_visible\"  data-js-reload=\"field_1_13\" ><label class='gfield_label gform-field-label' for='input_1_13'>Telefone com DDD:<\/label><div class='ginput_container ginput_container_phone'><input name='input_13' id='input_1_13' type='tel' value='' class='large'    aria-invalid=\"false\"   \/><\/div><\/div><div id=\"field_1_14\" class=\"gfield gfield--type-text gfield--input-type-text gfield--width-full field_sublabel_below gfield--no-description field_description_below field_validation_below gfield_visibility_visible\"  data-js-reload=\"field_1_14\" ><label class='gfield_label gform-field-label' for='input_1_14'>Clube\/ Cidade:<\/label><div class='ginput_container ginput_container_text'><input name='input_14' id='input_1_14' type='text' value='' class='large'      aria-invalid=\"false\"   \/><\/div><\/div><div id=\"field_1_15\" class=\"gfield gfield--type-select gfield--input-type-select gfield--width-full field_sublabel_below gfield--no-description field_description_below field_validation_below gfield_visibility_visible\"  data-js-reload=\"field_1_15\" ><label class='gfield_label gform-field-label' for='input_1_15'>Titula\u00e7\u00e3o:<\/label><div class='ginput_container ginput_container_select'><select name='input_15' id='input_1_15' class='large gfield_select'     aria-invalid=\"false\" ><option value='WGM' >WGM<\/option><option value='WIM' >WIM<\/option><option value='WFM' >WFM<\/option><option value='CM' >CM<\/option><option value='WCM' >WCM<\/option><option value='WNM' >WNM<\/option><option value='Outra' >Outra<\/option><\/select><\/div><\/div><div id=\"field_1_16\" class=\"gfield gfield--type-text gfield--input-type-text gfield--width-full field_sublabel_below gfield--no-description field_description_below field_validation_below gfield_visibility_visible\"  data-js-reload=\"field_1_16\" ><label class='gfield_label gform-field-label' for='input_1_16'>ID CBX:<\/label><div class='ginput_container ginput_container_text'><input name='input_16' id='input_1_16' type='text' value='' class='large'      aria-invalid=\"false\"   \/><\/div><\/div><div id=\"field_1_17\" class=\"gfield gfield--type-text gfield--input-type-text gfield--width-full field_sublabel_below gfield--no-description field_description_below field_validation_below gfield_visibility_visible\"  data-js-reload=\"field_1_17\" ><label class='gfield_label gform-field-label' for='input_1_17'>ID FIDE:<\/label><div class='ginput_container ginput_container_text'><input name='input_17' id='input_1_17' type='text' value='' class='large'      aria-invalid=\"false\"   \/><\/div><\/div><fieldset id=\"field_1_18\" class=\"gfield gfield--type-radio gfield--type-choice gfield--input-type-radio gfield--width-full field_sublabel_below gfield--no-description field_description_below field_validation_below gfield_visibility_visible\"  data-js-reload=\"field_1_18\" ><legend class='gfield_label gform-field-label' >Deficiente (PCD)?<\/legend><div class='ginput_container ginput_container_radio'><div class='gfield_radio' id='input_1_18'>\n\t\t\t<div class='gchoice gchoice_1_18_0'>\n\t\t\t\t\t<input class='gfield-choice-input' name='input_18' type='radio' value='Sim'  id='choice_1_18_0' onchange='gformToggleRadioOther( this )'    \/>\n\t\t\t\t\t<label for='choice_1_18_0' id='label_1_18_0' class='gform-field-label gform-field-label--type-inline'>Sim<\/label>\n\t\t\t<\/div>\n\t\t\t<div class='gchoice gchoice_1_18_1'>\n\t\t\t\t\t<input class='gfield-choice-input' name='input_18' type='radio' value='N\u00e3o'  id='choice_1_18_1' onchange='gformToggleRadioOther( this )'    \/>\n\t\t\t\t\t<label for='choice_1_18_1' id='label_1_18_1' class='gform-field-label gform-field-label--type-inline'>N\u00e3o<\/label>\n\t\t\t<\/div><\/div><\/div><\/fieldset><div id=\"field_1_28\" class=\"gfield gfield--type-html gfield--input-type-html gfield--width-full gfield_html gfield_html_formatted gfield_no_follows_desc field_sublabel_below gfield--no-description field_description_below field_validation_below gfield_visibility_visible\"  data-js-reload=\"field_1_28\" ><\/div><div id=\"field_1_31\" class=\"gfield gfield--type-quantity gfield--input-type-number gfield--width-full gfield_price gfield_price_1_30 gfield_quantity gfield_quantity_1_30 field_sublabel_below gfield--no-description field_description_below field_validation_below gfield_visibility_visible\"  data-js-reload=\"field_1_31\" ><label class='gfield_label gform-field-label' for='input_1_31'>Quantidade de canecas<\/label><div class='ginput_container ginput_container_number'><input name='input_31' id='input_1_31' type='number' step='any'   value='' class='large'      aria-invalid=\"false\"  \/><\/div><\/div><div id=\"field_1_30\" class=\"gfield gfield--type-product gfield--input-type-hiddenproduct gfield--width-full gform_hidden gfield_price gfield_price_1_30 gfield_product_1_30 gfield_hidden_product field_sublabel_below gfield--no-description field_description_below field_validation_below gfield_visibility_visible\"  data-js-reload=\"field_1_30\" ><label class='gfield_label gform-field-label gfield_label_before_complex' for='input_1_30_1'>Caneca<\/label><div class='ginput_container ginput_container_product_price_hidden'><input type='hidden' name='input_30.1' value='Caneca' class='gform_hidden' \/><input name='input_30.2' id='ginput_base_price_1_30' type='hidden' value='R$ 60,00' class='gform_hidden ginput_amount' \/><\/div><\/div><div id=\"field_1_27\" class=\"gfield gfield--type-product gfield--input-type-hiddenproduct gfield--width-full gform_hidden gfield_price gfield_price_1_27 gfield_product_1_27 gfield_hidden_product field_sublabel_below gfield--no-description field_description_below field_validation_below gfield_visibility_visible\"  data-js-reload=\"field_1_27\" ><label class='gfield_label gform-field-label gfield_label_before_complex' for='input_1_27_1'>torneio<\/label><div class='ginput_container ginput_container_product_price_hidden'><input type='hidden' name='input_27.3' value='1' id='ginput_quantity_1_27' class='gform_hidden' \/><input type='hidden' name='input_27.1' value='torneio' class='gform_hidden' \/><input name='input_27.2' id='ginput_base_price_1_27' type='hidden' value='R$ 0,00' class='gform_hidden ginput_amount' \/><\/div><\/div><fieldset id=\"field_1_22\" class=\"gfield gfield--type-option gfield--type-choice gfield--input-type-checkbox gfield--width-full gfield_price gfield_price_1_27 gfield_option_1_27 field_sublabel_below gfield--no-description field_description_below field_validation_below gfield_visibility_visible\"  data-js-reload=\"field_1_22\" ><legend class='gfield_label gform-field-label gfield_label_before_complex' >Op\u00e7\u00e3o<\/legend><div class='ginput_container ginput_container_checkbox'><div class='gfield_checkbox ' id='input_1_22'><div class='gchoice gchoice_1_22_1'>\n\t\t\t\t\t\t\t\t<input class='gfield-choice-input' name='input_22.1' type='checkbox'  value='|520'  id='choice_1_22_1'   \/>\n\t\t\t\t\t\t\t\t<label for='choice_1_22_1' id='label_1_22_1' class='gform-field-label gform-field-label--type-inline'>OPEN<\/label>\n\t\t\t\t\t\t\t<\/div><div class='gchoice gchoice_1_22_2'>\n\t\t\t\t\t\t\t\t<input class='gfield-choice-input' name='input_22.2' type='checkbox'  value='|180'  id='choice_1_22_2'   \/>\n\t\t\t\t\t\t\t\t<label for='choice_1_22_2' id='label_1_22_2' class='gform-field-label gform-field-label--type-inline'>BLITZ<\/label>\n\t\t\t\t\t\t\t<\/div><div class='gchoice gchoice_1_22_3'>\n\t\t\t\t\t\t\t\t<input class='gfield-choice-input' name='input_22.3' type='checkbox'  value='|200'  id='choice_1_22_3'   \/>\n\t\t\t\t\t\t\t\t<label for='choice_1_22_3' id='label_1_22_3' class='gform-field-label gform-field-label--type-inline'>R\u00c1PIDO<\/label>\n\t\t\t\t\t\t\t<\/div><div class='gchoice gchoice_1_22_4'>\n\t\t\t\t\t\t\t\t<input class='gfield-choice-input' name='input_22.4' type='checkbox'  value='|30'  id='choice_1_22_4'   \/>\n\t\t\t\t\t\t\t\t<label for='choice_1_22_4' id='label_1_22_4' class='gform-field-label gform-field-label--type-inline'>TORNEIO DE SOLU\u00c7\u00d5ES<\/label>\n\t\t\t\t\t\t\t<\/div><\/div><\/div><\/fieldset><\/div><\/div>\n        <div class='gform-footer gform_footer top_label'> <input type='submit' id='gform_submit_button_1' class='gform_button button' onclick='gform.submission.handleButtonClick(this);' value='Enviar'  \/> <input type='hidden' name='gform_ajax' value='form_id=1&amp;title=1&amp;description=1&amp;tabindex=0&amp;theme=gravity-theme&amp;hash=cfb6f18415b0d1c9b1ae1f6532c47693' \/>\n            <input type='hidden' class='gform_hidden' name='gform_submission_method' data-js='gform_submission_method_1' value='iframe' \/>\n            <input type='hidden' class='gform_hidden' name='gform_theme' data-js='gform_theme_1' id='gform_theme_1' value='gravity-theme' \/>\n            <input type='hidden' class='gform_hidden' name='gform_style_settings' data-js='gform_style_settings_1' id='gform_style_settings_1' value='' \/>\n            <input type='hidden' class='gform_hidden' name='is_submit_1' value='1' \/>\n            <input type='hidden' class='gform_hidden' name='gform_submit' value='1' \/>\n            \n            <input type='hidden' class='gform_hidden' name='gform_unique_id' value='' \/>\n            <input type='hidden' class='gform_hidden' name='state_1' value='WyJ7XCI4XCI6W1wiYTFhMWRhOTk2MTI3NDBkMGY2ZTgxYzQ1YWUxM2YxMWRcIixcImVlY2Q2NGFjZDgwODlhZDhiYjFmM2E1NzMxYzA4NjEzXCJdLFwiMTVcIjpbXCI5M2QzMjg1MzUzMDk3NGJkNTU3YTRmMTMwMzY5YjhjZFwiLFwiODRkZjIyNzY3NTU5YjcwMjkwYmExODhjY2E4OGU1NDZcIixcIjQ3NzNjNTU4YjRhNjdmMGI5ZTZkNmZlNmEwNzkyY2ViXCIsXCI5MDIxMDA5NTMwN2MzZDZjZDhkODJiYWQ4ZWI2YTU0NVwiLFwiMTFmMzY2ZTMwOWRhNGM2NzBlMmU4ZmU0MGJhODc0YjVcIixcImQ4NTA3ODUwN2MyY2E4N2E3ZjRlODI0YjJhMDQyNjMwXCIsXCIwOThkMzQwMTRjMWEwYmQzOGNkMTI3NTE5ZDk1ZTY3M1wiXSxcIjE4XCI6W1wiMzIyNzNlODBmYTViMzM0ZjBmODM4NzNiMzNhNmI2YWZcIixcImIzZThkZGFhNDNiMDA5YjkyNDM4ZGI3ODNlMTE0YmMxXCJdLFwiMzAuMVwiOlwiMjJmYTY5OWQxZDc5ZmYzZmFiMWEwNjMyMmY5ZjdkZjhcIixcIjMwLjJcIjpcIjg4ZTYyOTNhZWI4Yjk1MTk3NWZiZGQ1NWExMWE5YTlhXCIsXCIyNy4xXCI6XCI5MDZhYmJlYmE0ZjQzMDVmMWE0MWY0ZGE3NGY4MTBkN1wiLFwiMjcuMlwiOlwiY2UxYWQ3ZGQ5ZmJlNmI5NzExZjI0OTY4YjczNGQzYTJcIixcIjIyLjFcIjpcIjIwOTZmOGMwMTQyYWM3ZTNlYTE0MGZkNDBlNjg3NDEwXCIsXCIyMi4yXCI6XCI4MmM5NTU4NzY3YzJiZWYxZDY5NDA1MzJjNDkyZmYxZlwiLFwiMjIuM1wiOlwiYzRkOTBmMzJmMGM3YjJiMzczN2VlNDRjMThmODg4OTFcIixcIjIyLjRcIjpcIjZmZTI5Y2FiNDhjYmJlYmQyYjcxZGE4ODQyODY5MDk3XCJ9IiwiZmJiOGY3OTVmZGM5YTY1OGMzOTQyMWI5YzRiNDYzYWUiXQ==' \/>\n            <input type='hidden' autocomplete='off' class='gform_hidden' name='gform_target_page_number_1' id='gform_target_page_number_1' value='0' \/>\n            <input type='hidden' autocomplete='off' class='gform_hidden' name='gform_source_page_number_1' id='gform_source_page_number_1' value='1' \/>\n            <input type='hidden' name='gform_field_values' value='' \/>\n            \n        <\/div>\n                        <\/form>\n                        <\/div>\n\t\t                <iframe style='display:none;width:0px;height:0px;' src='about:blank' name='gform_ajax_frame_1' id='gform_ajax_frame_1' title='This iframe contains the logic required to handle Ajax powered Gravity Forms.'><\/iframe>\n\t\t                <script>\ngform.initializeOnLoaded( function() {gformInitSpinner( 1, 'https:\/\/riochessopen.com\/wp-content\/plugins\/gravityforms\/images\/spinner.svg', true );jQuery('#gform_ajax_frame_1').on('load',function(){var contents = jQuery(this).contents().find('*').html();var is_postback = contents.indexOf('GF_AJAX_POSTBACK') >= 0;if(!is_postback){return;}var form_content = jQuery(this).contents().find('#gform_wrapper_1');var is_confirmation = jQuery(this).contents().find('#gform_confirmation_wrapper_1').length > 0;var is_redirect = contents.indexOf('gformRedirect(){') >= 0;var is_form = form_content.length > 0 && ! is_redirect && ! is_confirmation;var mt = parseInt(jQuery('html').css('margin-top'), 10) + parseInt(jQuery('body').css('margin-top'), 10) + 100;if(is_form){jQuery('#gform_wrapper_1').html(form_content.html());if(form_content.hasClass('gform_validation_error')){jQuery('#gform_wrapper_1').addClass('gform_validation_error');} else {jQuery('#gform_wrapper_1').removeClass('gform_validation_error');}setTimeout( function() { \/* delay the scroll by 50 milliseconds to fix a bug in chrome *\/ jQuery(document).scrollTop(jQuery('#gform_wrapper_1').offset().top - mt); }, 50 );if(window['gformInitDatepicker']) {gformInitDatepicker();}if(window['gformInitPriceFields']) {gformInitPriceFields();}var current_page = jQuery('#gform_source_page_number_1').val();gformInitSpinner( 1, 'https:\/\/riochessopen.com\/wp-content\/plugins\/gravityforms\/images\/spinner.svg', true );jQuery(document).trigger('gform_page_loaded', [1, current_page]);window['gf_submitting_1'] = false;}else if(!is_redirect){var confirmation_content = jQuery(this).contents().find('.GF_AJAX_POSTBACK').html();if(!confirmation_content){confirmation_content = contents;}jQuery('#gform_wrapper_1').replaceWith(confirmation_content);jQuery(document).scrollTop(jQuery('#gf_1').offset().top - mt);jQuery(document).trigger('gform_confirmation_loaded', [1]);window['gf_submitting_1'] = false;wp.a11y.speak(jQuery('#gform_confirmation_message_1').text());}else{jQuery('#gform_1').append(contents);if(window['gformRedirect']) {gformRedirect();}}jQuery(document).trigger(\"gform_pre_post_render\", [{ formId: \"1\", currentPage: \"current_page\", abort: function() { this.preventDefault(); } }]);                if (event && event.defaultPrevented) {                return;         }        const gformWrapperDiv = document.getElementById( \"gform_wrapper_1\" );        if ( gformWrapperDiv ) {            const visibilitySpan = document.createElement( \"span\" );            visibilitySpan.id = \"gform_visibility_test_1\";            gformWrapperDiv.insertAdjacentElement( \"afterend\", visibilitySpan );        }        const visibilityTestDiv = document.getElementById( \"gform_visibility_test_1\" );        let postRenderFired = false;                function triggerPostRender() {            if ( postRenderFired ) {                return;            }            postRenderFired = true;            jQuery( document ).trigger( 'gform_post_render', [1, current_page] );            gform.utils.trigger( { event: 'gform\/postRender', native: false, data: { formId: 1, currentPage: current_page } } );            gform.utils.trigger( { event: 'gform\/post_render', native: false, data: { formId: 1, currentPage: current_page } } );            if ( visibilityTestDiv ) {                visibilityTestDiv.parentNode.removeChild( visibilityTestDiv );            }        }        function debounce( func, wait, immediate ) {            var timeout;            return function() {                var context = this, args = arguments;                var later = function() {                    timeout = null;                    if ( !immediate ) func.apply( context, args );                };                var callNow = immediate && !timeout;                clearTimeout( timeout );                timeout = setTimeout( later, wait );                if ( callNow ) func.apply( context, args );            };        }        const debouncedTriggerPostRender = debounce( function() {            triggerPostRender();        }, 200 );        if ( visibilityTestDiv && visibilityTestDiv.offsetParent === null ) {            const observer = new MutationObserver( ( mutations ) => {                mutations.forEach( ( mutation ) => {                    if ( mutation.type === 'attributes' && visibilityTestDiv.offsetParent !== null ) {                        debouncedTriggerPostRender();                        observer.disconnect();                    }                });            });            observer.observe( document.body, {                attributes: true,                childList: false,                subtree: true,                attributeFilter: [ 'style', 'class' ],            });        } else {            triggerPostRender();        }    } );} );\n<\/script>\n\t\t\t\t<\/div>\n\t\t\t\t<\/div>\n\t\t\t\t<div class=\"elementor-element elementor-element-a709253 elementor-widget elementor-widget-button\" data-id=\"a709253\" data-element_type=\"widget\" data-e-type=\"widget\" data-widget_type=\"button.default\">\n\t\t\t\t<div class=\"elementor-widget-container\">\n\t\t\t\t\t\t\t\t\t<div class=\"elementor-button-wrapper\">\n\t\t\t\t\t<a class=\"elementor-button elementor-button-link elementor-size-sm\" href=\"https:\/\/riochessopen.com\/carrinho\">\n\t\t\t\t\t\t<span class=\"elementor-button-content-wrapper\">\n\t\t\t\t\t\t\t\t\t<span class=\"elementor-button-text\">carrinho<\/span>\n\t\t\t\t\t<\/span>\n\t\t\t\t\t<\/a>\n\t\t\t\t<\/div>\n\t\t\t\t\t\t\t\t<\/div>\n\t\t\t\t<\/div>\n\t\t\t\t\t<\/div>\n\t\t\t\t<\/div>\n\t\t\t\t<\/div>\n\t\t","protected":false},"excerpt":{"rendered":"<p>teste TORNEIO DESEJADO: OPEN A (necess\u00e1rio estar em dia com a CBX) OPEN B (N\u00c3O necess\u00e1rio estar em dia com a CBX) Nome Nome Sobrenome Data Nascimento: MM barra DD barra YY E-mail Telefone com DDD:Clube\/ Cidade: Titula\u00e7\u00e3o:WGMWIMWFMCMWCMWNMOutraID CBX: ID FIDE: Deficiente (PCD)? Sim N\u00e3o Quantidade de canecasCanecatorneio Op\u00e7\u00e3o OPEN BLITZ R\u00c1PIDO TORNEIO DE SOLU\u00c7\u00d5ES [&hellip;]<\/p>\n","protected":false},"author":8,"featured_media":0,"parent":0,"menu_order":0,"comment_status":"closed","ping_status":"closed","template":"elementor_canvas","meta":{"_monsterinsights_skip_tracking":false,"_monsterinsights_sitenote_active":false,"_monsterinsights_sitenote_note":"","_monsterinsights_sitenote_category":0,"footnotes":""},"class_list":["post-1506","page","type-page","status-publish","hentry"],"_links":{"self":[{"href":"https:\/\/riochessopen.com\/en\/wp-json\/wp\/v2\/pages\/1506","targetHints":{"allow":["GET"]}}],"collection":[{"href":"https:\/\/riochessopen.com\/en\/wp-json\/wp\/v2\/pages"}],"about":[{"href":"https:\/\/riochessopen.com\/en\/wp-json\/wp\/v2\/types\/page"}],"author":[{"embeddable":true,"href":"https:\/\/riochessopen.com\/en\/wp-json\/wp\/v2\/users\/8"}],"replies":[{"embeddable":true,"href":"https:\/\/riochessopen.com\/en\/wp-json\/wp\/v2\/comments?post=1506"}],"version-history":[{"count":42,"href":"https:\/\/riochessopen.com\/en\/wp-json\/wp\/v2\/pages\/1506\/revisions"}],"predecessor-version":[{"id":1589,"href":"https:\/\/riochessopen.com\/en\/wp-json\/wp\/v2\/pages\/1506\/revisions\/1589"}],"wp:attachment":[{"href":"https:\/\/riochessopen.com\/en\/wp-json\/wp\/v2\/media?parent=1506"}],"curies":[{"name":"wp","href":"https:\/\/api.w.org\/{rel}","templated":true}]}}